{"id":105,"date":"2021-03-23T16:40:57","date_gmt":"2021-03-23T15:40:57","guid":{"rendered":"https:\/\/www.votreappli4.fr\/morieres\/?page_id=105"},"modified":"2022-01-11T14:22:00","modified_gmt":"2022-01-11T13:22:00","slug":"mot-du-mairie","status":"publish","type":"page","link":"https:\/\/www.votreappli4.fr\/morieres\/","title":{"rendered":"Mot du Maire"},"content":{"rendered":"<p style=\"text-align: justify;\">Ch\u00e8res Mori\u00e9roises, chers\u00a0Mori\u00e9rois,<\/p>\n<p style=\"text-align: justify;\">Je vous souhaite la bienvenue sur notre application mobile.<\/p>\n<p style=\"text-align: justify;\">Nous avons fait le choix de nous doter d\u2019un\u00a0outil de communication moderne pour am\u00e9liorer la communication entre les citoyens et la municipalit\u00e9, ainsi que pour renforcer notre r\u00e9activit\u00e9.<\/p>\n<p style=\"text-align: justify;\">A l\u2019aide de cette application mobile, vous pourrez:<\/p>\n<p style=\"text-align: justify;\">\u2022 suivre\u00a0l\u2019actualit\u00e9 municipale\u00a0mais \u00e9galement\u00a0l\u2019actualit\u00e9 associative\u00a0de la ville.<\/p>\n<p style=\"text-align: justify;\">\u2022 consulter\u00a0l\u2019agenda des \u00e9v\u00e8nements\u00a0\u00e0 venir<\/p>\n<p style=\"text-align: justify;\">\u2022\u00a0devenir un \u00e9co-citoyen de Mori\u00e8res-l\u00e8s-Avignon !<br \/>\nUn nid de poule ? L\u2019\u00e9clairage public est d\u00e9faillant? Utilisez la signalisation d\u2019incidents et signalez le probl\u00e8me \u00e0 la Mairie en un instant.<\/p>\n<p style=\"text-align: justify;\">\u2022 consulter les\u00a0menus du restaurant scolaire\u00a0de vos enfants<\/p>\n<p style=\"text-align: justify;\">\u2022 consulter le\u00a0bulletin municipal\u00a0d\u2019informations<\/p>\n<p style=\"text-align: justify;\">\u2022 consulter\u00a0l\u2019annuaire\u00a0de la Commune<\/p>\n<p style=\"text-align: justify;\">Enfin, gr\u00e2ce aux\u00a0notifications push, restez connect\u00e9s et soyez inform\u00e9s en temps r\u00e9el des derni\u00e8res actualit\u00e9s et des alertes m\u00e9t\u00e9o.<\/p>\n<p style=\"text-align: justify;\">Nous ferons \u00e9voluer dans le temps cette application afin de vous apporter toujours plus de services. N\u2019h\u00e9sitez pas \u00e0 nous faire part de vos remarques ou de vos suggestions.<\/p>\n<p style=\"text-align: justify;\">Je vous souhaite, \u00e0 toutes et \u00e0 tous, une excellente navigation sur notre application mobile !<\/p>\n<p style=\"text-align: right;\"><strong>Gr\u00e9goire SOUQUE<\/strong><br \/>\n<strong>Maire de Mori\u00e8res-l\u00e8s-Avignon<\/strong><\/p>\n","protected":false},"excerpt":{"rendered":"<p>Ch\u00e8res Mori\u00e9roises, chers\u00a0Mori\u00e9rois, Je vous souhaite la bienvenue sur notre application mobile. Nous avons fait le choix de nous doter d\u2019un\u00a0outil de communication moderne pour am\u00e9liorer la communication entre les &hellip; <\/p>\n<p class=\"link-more\"><a href=\"https:\/\/www.votreappli4.fr\/morieres\/\" class=\"more-link\">Continuer la lecture <span class=\"screen-reader-text\"> \u00ab\u00a0Mot du Maire\u00a0\u00bb<\/span><\/a><\/p>\n","protected":false},"author":6,"featured_media":0,"parent":0,"menu_order":0,"comment_status":"closed","ping_status":"closed","template":"","meta":{"footnotes":""},"class_list":["post-105","page","type-page","status-publish","hentry","entry"],"_links":{"self":[{"href":"https:\/\/www.votreappli4.fr\/morieres\/wp-json\/wp\/v2\/pages\/105","targetHints":{"allow":["GET"]}}],"collection":[{"href":"https:\/\/www.votreappli4.fr\/morieres\/wp-json\/wp\/v2\/pages"}],"about":[{"href":"https:\/\/www.votreappli4.fr\/morieres\/wp-json\/wp\/v2\/types\/page"}],"author":[{"embeddable":true,"href":"https:\/\/www.votreappli4.fr\/morieres\/wp-json\/wp\/v2\/users\/6"}],"replies":[{"embeddable":true,"href":"https:\/\/www.votreappli4.fr\/morieres\/wp-json\/wp\/v2\/comments?post=105"}],"version-history":[{"count":11,"href":"https:\/\/www.votreappli4.fr\/morieres\/wp-json\/wp\/v2\/pages\/105\/revisions"}],"predecessor-version":[{"id":918,"href":"https:\/\/www.votreappli4.fr\/morieres\/wp-json\/wp\/v2\/pages\/105\/revisions\/918"}],"wp:attachment":[{"href":"https:\/\/www.votreappli4.fr\/morieres\/wp-json\/wp\/v2\/media?parent=105"}],"curies":[{"name":"wp","href":"https:\/\/api.w.org\/{rel}","templated":true}]}}